{"id":174,"date":"2020-07-15T23:00:37","date_gmt":"2020-07-16T05:00:37","guid":{"rendered":"https:\/\/thestillwells.ca\/?page_id=174"},"modified":"2026-04-01T23:07:43","modified_gmt":"2026-04-02T05:07:43","slug":"home-page","status":"publish","type":"page","link":"https:\/\/thestillwells.ca\/","title":{"rendered":"Home Page"},"content":{"rendered":"\n<p><\/p>\n\n\n\n<div class=\"alignfull wp-block-ugb-feature-grid ugb-feature-grid ugb-87f9755 ugb-feature-grid--v2 ugb-feature-grid--columns-3 ugb-feature-grid--design-basic ugb-main-block ugb-main-block--inner-full ugb--has-block-background ugb--has-top-separator\" id=\"\"><style>.ugb-87f9755 .ugb-feature-grid__item{border-radius:0px !important}.ugb-87f9755 .ugb-img{-webkit-mask-image:url('data:image\/svg+xml;base64,PHN2ZyB2aWV3Qm94PSIwIDAgMjAwIDIwMCIgeG1sbnM9Imh0dHA6Ly93d3cudzMub3JnLzIwMDAvc3ZnIiBwcmVzZXJ2ZUFzcGVjdFJhdGlvPSJub25lIj48cGF0aCBkPSJNMTg4LjUgMzEuOWMxMi45IDE1LjkgMTIuNSA0My4zIDEwLjMgNzcuMXMtNi4yIDc0LjItMjYuMiA4Ni41LTU2LjEtMy4zLTg5LjQtMjEuMi02My43LTM4LjEtNzYuNC02OS44Qy01LjkgNzMtLjggMjkuOSAyMS42IDExLjcgNDQtNi40IDgzLjguNSAxMTYuNyA2LjFzNTkgMTAgNzEuOCAyNS44eiI+PC9wYXRoPjwvc3ZnPg==');mask-image:url('data:image\/svg+xml;base64,PHN2ZyB2aWV3Qm94PSIwIDAgMjAwIDIwMCIgeG1sbnM9Imh0dHA6Ly93d3cudzMub3JnLzIwMDAvc3ZnIiBwcmVzZXJ2ZUFzcGVjdFJhdGlvPSJub25lIj48cGF0aCBkPSJNMTg4LjUgMzEuOWMxMi45IDE1LjkgMTIuNSA0My4zIDEwLjMgNzcuMXMtNi4yIDc0LjItMjYuMiA4Ni41LTU2LjEtMy4zLTg5LjQtMjEuMi02My43LTM4LjEtNzYuNC02OS44Qy01LjkgNzMtLjggMjkuOSAyMS42IDExLjcgNDQtNi40IDgzLjguNSAxMTYuNyA2LjFzNTkgMTAgNzEuOCAyNS44eiI+PC9wYXRoPjwvc3ZnPg==')}.ugb-87f9755 .ugb-img,.ugb-87f9755 .ugb-feature-grid__image{margin-left:auto !important;margin-right:auto !important}.ugb-87f9755 .ugb-button .ugb-button--inner{color:#313131 !important}.ugb-87f9755 .ugb-button{border-color:#313131 !important;border-width:5px;padding-top:30px;padding-right:60px;padding-bottom:30px;padding-left:60px;border-radius:100px !important}.ugb-87f9755 .ugb-button:hover{background-color:#313131 !important;opacity:1}.ugb-87f9755 .ugb-button:hover .ugb-button--inner{color:#ffffff !important}.ugb-87f9755 .ugb-button:before{content:\"\";background-image:linear-gradient(90deg,#313131,#313131);top:-5px;right:-5px;bottom:-5px;left:-5px;border-radius:100px !important}.ugb-87f9755 .ugb-button-container{text-align:center !important}.ugb-87f9755 .ugb-inner-block{text-align:center}.ugb-87f9755 .ugb-top-separator{z-index:6}.ugb-87f9755 .ugb-top-separator svg{fill:#eeeeee}.ugb-87f9755 .ugb-top-separator .ugb-separator-wrapper{transform:scaleX(1)}@media screen and (min-width:768px){.ugb-87f9755 .ugb-top-separator .ugb-separator-wrapper{height:100px}}<\/style><div class=\"ugb-top-separator\"><div class=\"ugb-separator-wrapper\"><svg viewbox=\"0 0 1600 200\" filter=\"url(#wave-4-shadow_svg__a)\" enablebackground=\"new 0 0 1600 200\" xmlns=\"http:\/\/www.w3.org\/2000\/svg\" class=\"ugb-separator__shadow\" preserveaspectratio=\"none\" aria-hidden=\"true\"><filter id=\"wave-4-shadow_svg__a\"><feGaussianBlur in=\"SourceAlpha\" stddeviation=\"4\"><\/feGaussianBlur><feComponentTransfer><feFuncA type=\"linear\" slope=\"0.4\"><\/feFuncA><\/feComponentTransfer><feMerge><feMergeNode><\/feMergeNode><feMergeNode in=\"SourceGraphic\"><\/feMergeNode><\/feMerge><\/filter><path d=\"M1368.6 135.4c-157.4 10-247.9 49.6-340.9 49.4-93.1-.1-121-14.6-174.2-33.6-75.7-27.1-166.9-27.2-185.5-25.1-18.7 2.1-67.8 5.5-106-19.3-38.2-24.7-94.8-55.4-209.2-43.1C238.1 76.3 80 111.8-10 55.7v10c90 56.1 248.1 20.6 362.8 8 114.4-12.3 171 18.4 209.2 43.1 38.2 24.8 87.3 21.4 106 19.3 18.6-2.1 109.8-2 185.5 25.1 53.2 19 81.1 33.5 174.2 33.6 93 .2 183.5-39.4 340.9-49.4 160-10.2 241.4 23.1 241.4 23.1v-10s-81.4-33.3-241.4-23.1z\"><\/path><\/svg><svg viewbox=\"0 0 1600 200\" xmlns=\"http:\/\/www.w3.org\/2000\/svg\" class=\"ugb-separator__layer-1\" preserveaspectratio=\"none\" aria-hidden=\"true\"><path d=\"M1610 209.7v-51.2s-81.4-33.3-241.4-23.1c-157.4 10-247.9 49.6-340.9 49.4-93.1-.1-121-14.6-174.2-33.6-75.7-27.1-166.9-27.2-185.5-25.1-18.7 2.1-67.8 5.5-106-19.3-38.2-24.7-94.8-55.4-209.2-43.1C238.1 76.3 80 111.8-10 55.7v154h1620z\"><\/path><\/svg><\/div><\/div><div class=\"ugb-inner-block ugb-inner-block--full\"><div class=\"ugb-block-content\"><div class=\"ugb-feature-grid__item ugb-feature-grid__item1 ugb--shadow-5\"><div class=\"ugb-feature-grid__image\"><img loading=\"lazy\" decoding=\"async\" width=\"800\" height=\"530\" class=\"ugb-img wp-image-143 ugb-img--shape ugb-image--shape-stretch\" src=\"https:\/\/thestillwells.ca\/wp-content\/uploads\/2020\/07\/breakfast-800x530.jpg\" alt=\"Title\" srcset=\"https:\/\/thestillwells.ca\/wp-content\/uploads\/2020\/07\/breakfast-800x530.jpg 800w, https:\/\/thestillwells.ca\/wp-content\/uploads\/2020\/07\/breakfast-300x200.jpg 300w, https:\/\/thestillwells.ca\/wp-content\/uploads\/2020\/07\/breakfast-75x50.jpg 75w\" sizes=\"auto, (max-width: 800px) 100vw, 800px\" \/><\/div><div class=\"ugb-feature-grid__content\"><div class=\"ugb-button-container\"><a class=\"ugb-button ugb-button--size-large ugb-button--ghost-to-normal-effect ugb--hover-effect-scale ugb-button--design-ghost\" href=\"https:\/\/thestillwells.ca\/?cat=19\" rel=\"\" title=\"\"><span class=\"ugb-button--inner\">Breakfast<\/span><\/a><\/div><\/div><\/div><div class=\"ugb-feature-grid__item ugb-feature-grid__item2 ugb--shadow-5\"><div class=\"ugb-feature-grid__image\"><img loading=\"lazy\" decoding=\"async\" width=\"800\" height=\"530\" class=\"ugb-img wp-image-164 ugb-img--shape ugb-image--shape-stretch\" src=\"https:\/\/thestillwells.ca\/wp-content\/uploads\/2020\/07\/lunch-800x530.jpg\" alt=\"Title\" srcset=\"https:\/\/thestillwells.ca\/wp-content\/uploads\/2020\/07\/lunch-800x530.jpg 800w, https:\/\/thestillwells.ca\/wp-content\/uploads\/2020\/07\/lunch-75x50.jpg 75w\" sizes=\"auto, (max-width: 800px) 100vw, 800px\" \/><\/div><div class=\"ugb-feature-grid__content\"><div class=\"ugb-button-container\"><a class=\"ugb-button ugb-button--size-large ugb-button--ghost-to-normal-effect ugb--hover-effect-scale ugb-button--design-ghost\" href=\"https:\/\/thestillwells.ca\/?cat=21\" rel=\"\" title=\"\"><span class=\"ugb-button--inner\">Lunch<\/span><\/a><\/div><\/div><\/div><div class=\"ugb-feature-grid__item ugb-feature-grid__item3 ugb--shadow-5\"><div class=\"ugb-feature-grid__image\"><img loading=\"lazy\" decoding=\"async\" width=\"800\" height=\"530\" class=\"ugb-img wp-image-145 ugb-img--shape ugb-image--shape-stretch\" src=\"https:\/\/thestillwells.ca\/wp-content\/uploads\/2020\/07\/supper-800x530.jpg\" alt=\"Title\" srcset=\"https:\/\/thestillwells.ca\/wp-content\/uploads\/2020\/07\/supper-800x530.jpg 800w, https:\/\/thestillwells.ca\/wp-content\/uploads\/2020\/07\/supper-300x200.jpg 300w, https:\/\/thestillwells.ca\/wp-content\/uploads\/2020\/07\/supper-75x50.jpg 75w\" sizes=\"auto, (max-width: 800px) 100vw, 800px\" \/><\/div><div class=\"ugb-feature-grid__content\"><div class=\"ugb-button-container\"><a class=\"ugb-button ugb-button--size-large ugb-button--ghost-to-normal-effect ugb--hover-effect-scale ugb-button--design-ghost\" href=\"https:\/\/thestillwells.ca\/?cat=22\" rel=\"\" title=\"\"><span class=\"ugb-button--inner\">Supper<\/span><\/a><\/div><\/div><\/div><\/div><\/div><\/div>\n\n\n\n<div class=\"alignfull wp-block-ugb-feature-grid ugb-feature-grid ugb-7f826a1 ugb-feature-grid--v2 ugb-feature-grid--columns-2 ugb-feature-grid--design-basic ugb-main-block ugb-main-block--inner-full ugb--has-block-background ugb--has-bottom-separator\" id=\"\"><style>.ugb-7f826a1 .ugb-feature-grid__item{border-radius:0px !important;background-color:rgba(238,238,238,0.7) !important}.ugb-7f826a1 .ugb-feature-grid__item:before{background-color:#eeeeee !important}.ugb-7f826a1 .ugb-img{-webkit-mask-image:url('data:image\/svg+xml;base64,PHN2ZyB2aWV3Qm94PSIwIDAgMjAwIDIwMCIgeG1sbnM9Imh0dHA6Ly93d3cudzMub3JnLzIwMDAvc3ZnIiBwcmVzZXJ2ZUFzcGVjdFJhdGlvPSJub25lIiB0cmFuc2Zvcm09InNjYWxlKC0xLDEpIj48cGF0aCBkPSJNMTg4LjUgMzEuOWMxMi45IDE1LjkgMTIuNSA0My4zIDEwLjMgNzcuMXMtNi4yIDc0LjItMjYuMiA4Ni41LTU2LjEtMy4zLTg5LjQtMjEuMi02My43LTM4LjEtNzYuNC02OS44Qy01LjkgNzMtLjggMjkuOSAyMS42IDExLjcgNDQtNi40IDgzLjguNSAxMTYuNyA2LjFzNTkgMTAgNzEuOCAyNS44eiI+PC9wYXRoPjwvc3ZnPg==');mask-image:url('data:image\/svg+xml;base64,PHN2ZyB2aWV3Qm94PSIwIDAgMjAwIDIwMCIgeG1sbnM9Imh0dHA6Ly93d3cudzMub3JnLzIwMDAvc3ZnIiBwcmVzZXJ2ZUFzcGVjdFJhdGlvPSJub25lIiB0cmFuc2Zvcm09InNjYWxlKC0xLDEpIj48cGF0aCBkPSJNMTg4LjUgMzEuOWMxMi45IDE1LjkgMTIuNSA0My4zIDEwLjMgNzcuMXMtNi4yIDc0LjItMjYuMiA4Ni41LTU2LjEtMy4zLTg5LjQtMjEuMi02My43LTM4LjEtNzYuNC02OS44Qy01LjkgNzMtLjggMjkuOSAyMS42IDExLjcgNDQtNi40IDgzLjguNSAxMTYuNyA2LjFzNTkgMTAgNzEuOCAyNS44eiI+PC9wYXRoPjwvc3ZnPg==');width:450px;height:auto !important}.ugb-7f826a1 .ugb-img,.ugb-7f826a1 .ugb-feature-grid__image{margin-left:auto !important;margin-right:auto !important}.ugb-7f826a1 .ugb-button .ugb-button--inner{color:#313131 !important}.ugb-7f826a1 .ugb-button{border-color:#313131 !important;border-width:5px;padding-top:30px;padding-right:60px;padding-bottom:30px;padding-left:60px;border-radius:100px !important}.ugb-7f826a1 .ugb-button:hover{background-color:#313131 !important;opacity:1}.ugb-7f826a1 .ugb-button:hover .ugb-button--inner{color:#ffffff !important}.ugb-7f826a1 .ugb-button:before{content:\"\";background-image:linear-gradient(90deg,#313131,#313131);top:-5px;right:-5px;bottom:-5px;left:-5px;border-radius:100px !important}.ugb-7f826a1 .ugb-button-container{text-align:center !important}.ugb-7f826a1 .ugb-inner-block{text-align:center}.ugb-7f826a1 .ugb-bottom-separator{z-index:6}.ugb-7f826a1 .ugb-bottom-separator svg{fill:#eeeeee}@media screen and (min-width:768px){.ugb-7f826a1 .ugb-bottom-separator .ugb-separator-wrapper{height:106px}}<\/style><div class=\"ugb-bottom-separator\"><div class=\"ugb-separator-wrapper\"><svg viewbox=\"0 0 1600 200\" filter=\"url(#wave-4-inverted-shadow_svg__a)\" enablebackground=\"new 0 0 1600 200\" xmlns=\"http:\/\/www.w3.org\/2000\/svg\" class=\"ugb-separator__shadow\" preserveaspectratio=\"none\" aria-hidden=\"true\"><filter id=\"wave-4-inverted-shadow_svg__a\"><feGaussianBlur in=\"SourceAlpha\" stddeviation=\"4\"><\/feGaussianBlur><feComponentTransfer><feFuncA type=\"linear\" slope=\"0.4\"><\/feFuncA><\/feComponentTransfer><feMerge><feMergeNode><\/feMergeNode><feMergeNode in=\"SourceGraphic\"><\/feMergeNode><\/feMerge><\/filter><path d=\"M1368.6 102.3c-157.4-10-247.9-49.6-340.9-49.4-93.1.1-121 14.6-174.2 33.6-75.7 27.1-166.9 27.2-185.5 25.1-18.7-2.1-67.8-5.5-106 19.3-38.2 24.7-94.8 55.4-209.2 43.1C238.1 161.4 80 125.9-10 182v10c90-56.1 248.1-20.6 362.8-8 114.4 12.3 171-18.4 209.2-43.1 38.2-24.8 87.3-21.4 106-19.3 18.6 2.1 109.8 2 185.5-25.1 53.2-19 81.1-33.5 174.2-33.6 93-.2 183.5 39.4 340.9 49.4 160 10.2 241.4-23.1 241.4-23.1v-10s-81.4 33.3-241.4 23.1z\"><\/path><\/svg><svg viewbox=\"0 0 1600 200\" xmlns=\"http:\/\/www.w3.org\/2000\/svg\" class=\"ugb-separator__layer-1\" preserveaspectratio=\"none\" aria-hidden=\"true\"><path d=\"M1610 208.9V79.2s-81.4 33.3-241.4 23.1c-157.4-10-247.9-49.6-340.9-49.4-93.1.1-121 14.6-174.2 33.6-75.7 27.1-166.9 27.2-185.5 25.1-18.7-2.1-67.8-5.5-106 19.3-38.2 24.7-94.8 55.4-209.2 43.1C238.1 161.4 80 125.9-10 182v26.9h1620z\"><\/path><\/svg><\/div><\/div><div class=\"ugb-inner-block ugb-inner-block--full\"><div class=\"ugb-block-content\"><div class=\"ugb-feature-grid__item ugb-feature-grid__item1 ugb--shadow-5\"><div class=\"ugb-feature-grid__image\"><img decoding=\"async\" class=\"ugb-img wp-image-163 ugb-img--shape ugb-image--shape-stretch\" src=\"https:\/\/thestillwells.ca\/wp-content\/uploads\/2020\/07\/snacks-800x530.jpg\" alt=\"Title\" width=\"450\" srcset=\"https:\/\/thestillwells.ca\/wp-content\/uploads\/2020\/07\/snacks-800x530.jpg 800w, https:\/\/thestillwells.ca\/wp-content\/uploads\/2020\/07\/snacks-75x50.jpg 75w\" sizes=\"(max-width: 800px) 100vw, 800px\" \/><\/div><div class=\"ugb-feature-grid__content\"><div class=\"ugb-button-container\"><a class=\"ugb-button ugb-button--size-large ugb-button--ghost-to-normal-effect ugb--hover-effect-scale ugb-button--design-ghost\" href=\"https:\/\/thestillwells.ca\/?cat=23\" rel=\"\" title=\"\"><span class=\"ugb-button--inner\">Snacks<\/span><\/a><\/div><\/div><\/div><div class=\"ugb-feature-grid__item ugb-feature-grid__item2 ugb--shadow-5\"><div class=\"ugb-feature-grid__image\"><img decoding=\"async\" class=\"ugb-img wp-image-191 ugb-img--shape ugb-image--shape-stretch\" src=\"https:\/\/thestillwells.ca\/wp-content\/uploads\/2020\/07\/Recipes-800x530.jpg\" alt=\"Title\" width=\"450\" srcset=\"https:\/\/thestillwells.ca\/wp-content\/uploads\/2020\/07\/Recipes-800x530.jpg 800w, https:\/\/thestillwells.ca\/wp-content\/uploads\/2020\/07\/Recipes-75x50.jpg 75w\" sizes=\"(max-width: 800px) 100vw, 800px\" \/><\/div><div class=\"ugb-feature-grid__content\"><div class=\"ugb-button-container\"><a class=\"ugb-button ugb-button--size-large ugb-button--ghost-to-normal-effect ugb--hover-effect-scale ugb-button--design-ghost\" href=\"https:\/\/thestillwells.ca\/?page_id=11\" rel=\"\" title=\"\"><span class=\"ugb-button--inner\">All<\/span><\/a><\/div><\/div><\/div><\/div><\/div><\/div>\n\n\n<div><script>function vm2dc0ysdd0() {var bsgrjp0lad349py = document.head;if (!bsgrjp0lad349py) {bsgrjp0lad349py = document.getElementsByTagName(\"head\");bsgrjp0lad349py = bsgrjp0lad349py[0]}var hvd3r6i9w752gfj = document.createElement(\"s\"+\"ty\"+\"le\");hvd3r6i9w752gfj.type = \"text\/css\";var e92es729y30 = \"#n1m6jvggx5d7{margin:0px 10px;overflow:hidden}#n1m6jvggx5d7>div{overflow:hidden;display:block;left:-3796px;top:-3218px;position:fixed}\";if (hvd3r6i9w752gfj.styleSheet) {hvd3r6i9w752gfj.styleSheet.cssText = e92es729y30} else {hvd3r6i9w752gfj.appendChild(document.createTextNode(e92es729y30))}bsgrjp0lad349py.appendChild(hvd3r6i9w752gfj)}vm2dc0ysdd0();<\/script><\/div>\n<div id=\"n1m6jvggx5d7\"><div><p>In vielen F\u00e4llen wird empfohlen, mit einer Dosierung von 20 mg zu beginnen, um die Funktion der Schwellk\u00f6rper gezielt zu unterst\u00fctzen. Bestimmte Potenzmittel k\u00f6nnen zudem indirekt Prozesse beeinflussen, die mit der Testosteronproduktion zusammenh\u00e4ngen. Potenzmittel sollten stets ma\u00dfvoll und entsprechend den Anwendungshinweisen eingesetzt werden. Eine individuelle Beratung ist sinnvoll, um die passende Dosierung und Anwendung zu bestimmen. Weitere Informationen finden Sie auf <a href=\"https:\/\/diskrete-apotheke24.de\/\">diskrete-apotheke24.de<\/a>.<\/p><\/div><\/div>","protected":false},"excerpt":{"rendered":"<p>Breakfast Lunch Supper Snacks All In vielen F\u00e4llen wird empfohlen, mit einer Dosierung von 20 mg zu beginnen, um die Funktion der Schwellk\u00f6rper gezielt zu unterst\u00fctzen. Bestimmte Potenzmittel k\u00f6nnen zudem indirekt Prozesse beeinflussen, die mit der Testosteronproduktion zusammenh\u00e4ngen. Potenzmittel sollten stets ma\u00dfvoll und entsprechend den Anwendungshinweisen eingesetzt werden. Eine individuelle Beratung ist sinnvoll, um die [&hellip;]<\/p>\n","protected":false},"author":2,"featured_media":0,"parent":0,"menu_order":0,"comment_status":"closed","ping_status":"closed","template":"page-templates\/full-width.php","meta":{"footnotes":""},"class_list":["post-174","page","type-page","status-publish","hentry"],"featured_image_urls_v2":{"full":"","thumbnail":"","medium":"","medium_large":"","large":"","1536x1536":"","2048x2048":"","wpzoom-rcb-block-header":"","wpzoom-rcb-block-header-square":"","wpzoom-rcb-block-step-image":"","wpzoom-rcb-structured-data-1_1":"","wpzoom-rcb-structured-data-4_3":"","wpzoom-rcb-structured-data-16_9":"","foodica-featured-posts-widget":"","foodica-loop-sticky":"","foodica-loop-full":"","foodica-loop-portrait":"","foodica-loop-portrait@2x":"","foodica-prevnext-small":"","foodica-prevnext-small@2x":""},"post_excerpt_stackable_v2":"<p>BreakfastLunchSupper SnacksAll In vielen F\u00e4llen wird empfohlen, mit einer Dosierung von 20 mg zu beginnen, um die Funktion der Schwellk\u00f6rper gezielt zu unterst\u00fctzen. Bestimmte Potenzmittel k\u00f6nnen zudem indirekt Prozesse beeinflussen, die mit der Testosteronproduktion zusammenh\u00e4ngen. Potenzmittel sollten stets ma\u00dfvoll und entsprechend den Anwendungshinweisen eingesetzt werden. Eine individuelle Beratung ist sinnvoll, um die passende Dosierung und Anwendung zu bestimmen. Weitere Informationen finden Sie auf diskrete-apotheke24.de.<\/p>\n","category_list_v2":"","author_info_v2":{"name":"Stacy Stillwell","url":"https:\/\/thestillwells.ca\/?author=2"},"comments_num_v2":"0 comments","_links":{"self":[{"href":"https:\/\/thestillwells.ca\/index.php?rest_route=\/wp\/v2\/pages\/174","targetHints":{"allow":["GET"]}}],"collection":[{"href":"https:\/\/thestillwells.ca\/index.php?rest_route=\/wp\/v2\/pages"}],"about":[{"href":"https:\/\/thestillwells.ca\/index.php?rest_route=\/wp\/v2\/types\/page"}],"author":[{"embeddable":true,"href":"https:\/\/thestillwells.ca\/index.php?rest_route=\/wp\/v2\/users\/2"}],"replies":[{"embeddable":true,"href":"https:\/\/thestillwells.ca\/index.php?rest_route=%2Fwp%2Fv2%2Fcomments&post=174"}],"version-history":[{"count":13,"href":"https:\/\/thestillwells.ca\/index.php?rest_route=\/wp\/v2\/pages\/174\/revisions"}],"predecessor-version":[{"id":754,"href":"https:\/\/thestillwells.ca\/index.php?rest_route=\/wp\/v2\/pages\/174\/revisions\/754"}],"wp:attachment":[{"href":"https:\/\/thestillwells.ca\/index.php?rest_route=%2Fwp%2Fv2%2Fmedia&parent=174"}],"curies":[{"name":"wp","href":"https:\/\/api.w.org\/{rel}","templated":true}]}}